{"id":6,"date":"2013-06-15T21:23:11","date_gmt":"2013-06-15T21:23:11","guid":{"rendered":"http:\/\/rudirama.wordpress.com\/?page_id=1"},"modified":"2018-05-22T21:21:38","modified_gmt":"2018-05-22T19:21:38","slug":"about","status":"publish","type":"page","link":"https:\/\/rudirama.de\/?page_id=6","title":{"rendered":"About"},"content":{"rendered":"<p><strong>Impressum<\/strong><\/p>\n<p><strong>\u00a0<\/strong><\/p>\n<p><strong>Rudolf H\u00e4ffner<\/strong><\/p>\n<p><strong>Liederbacher Str. 109<\/strong><\/p>\n<p><strong>65929 Frankfurt<\/strong><\/p>\n<p><strong>\u00a0<\/strong><\/p>\n<p><strong>e-mail:info(at)rudirama.de<br \/>\n<\/strong><\/p>\n<p><strong>\u00a0<\/strong><\/p>\n<p><strong>Haftung f\u00fcr Texte, Bilder, Verweise und Links:<\/strong><br \/>\nMeine Internetseiten enthalten Links, die zu externen Internetseiten von Dritten f\u00fchren. Auf die Inhalte dieser externen Seiten habe ich keine Einflussm\u00f6glichkeiten. Es ist mir daher nicht m\u00f6glich, eine Gew\u00e4hr f\u00fcr diese Inhalte zu \u00fcbernehmen. Deshalb distanziere ich mich hiermit ausdr\u00fccklich von allen Inhalten aller verlinkten\/verkn\u00fcpften Seiten, die nach der Linksetzung ver\u00e4ndert wurden. Diese Feststellung gilt f\u00fcr alle innerhalb des eigenen Internetangebotes gesetzten Links und Verweise sowie f\u00fcr Fremdeintr\u00e4ge. Die Verantwortung f\u00fcr die Inhalte dieser externen Seiten hat immer der jeweilige Anbieter\/Betreiber der entsprechenden Internetseiten. F\u00fcr illegale, fehlerhafte oder unvollst\u00e4ndige Inhalte und insbesondere f\u00fcr Sch\u00e4den, die aus der Nutzung oder Nichtnutzung solcherart dargebotener Informationen entstehen, haftet allein der Anbieter der Seite, auf welche verwiesen wurde, nicht derjenige, der \u00fcber Links auf die jeweilige Ver\u00f6ffentlichung lediglich verweist. Ich \u00fcberpr\u00fcfe die von mir verlinkten Internetseiten zum Zeitpunkt der Verlinkung auf einen m\u00f6glichen Rechtsversto\u00df. Die Verlinkung kommt nur dann zustande, wenn ein rechtswidriger Inhalt zu diesem Zeitpunkt nicht erkennbar ist. Es kann uns jedoch, ohne einen konkreten Anhaltspunkt, nicht zugemutet werden, st\u00e4ndig die verlinkten Internetseiten inhaltlich zu kontrollieren. Wenn ich jedoch von einer Rechtsverletzung Kenntnis erlange, werde ich den entsprechenden Link unverz\u00fcglich entfernen. Wenn Sie Rechteverletzungen oder strafbare Inhalte feststellen, weisen Sie mich bitte formlos darauf hin damit ich dies umgehend pr\u00fcfen und gegebenenfalls entfernen kann.<\/p>\n<p>Ich weise hiermit ausdr\u00fccklich darauf hin, dass ich ohne einen formlosen Kl\u00e4rungsversuch keine kostenpflichtige Abmahnungen oder vergleichbare Ma\u00dfnahmen akzeptiere.<br \/>\nForderungen aus einem solchem Vorgehen werden ich unter keinen Umst\u00e4nden anerkennen. Diese m\u00fcssen als ein sittenwidriger Versto\u00df gegen die Schadenminderungspflicht betrachtet werde<\/p>\n<p>&nbsp;<\/p>\n","protected":false},"excerpt":{"rendered":"<p>Impressum \u00a0 Rudolf H\u00e4ffner Liederbacher Str. 109 65929 Frankfurt \u00a0 e-mail:info(at)rudirama.de \u00a0 Haftung f\u00fcr Texte, Bilder, Verweise und Links: Meine Internetseiten enthalten Links, die zu externen Internetseiten von Dritten f\u00fchren. Auf die Inhalte dieser externen Seiten habe ich keine Einflussm\u00f6glichkeiten. Es ist mir daher nicht m\u00f6glich, eine Gew\u00e4hr f\u00fcr diese Inhalte zu \u00fcbernehmen. Deshalb distanziere &hellip; <a href=\"https:\/\/rudirama.de\/?page_id=6\" class=\"more-link\"><span class=\"screen-reader-text\">\u201eAbout\u201c <\/span>weiterlesen<\/a><\/p>\n","protected":false},"author":2,"featured_media":0,"parent":0,"menu_order":0,"comment_status":"open","ping_status":"open","template":"","meta":{"footnotes":""},"class_list":["post-6","page","type-page","status-publish","hentry"],"_links":{"self":[{"href":"https:\/\/rudirama.de\/index.php?rest_route=\/wp\/v2\/pages\/6","targetHints":{"allow":["GET"]}}],"collection":[{"href":"https:\/\/rudirama.de\/index.php?rest_route=\/wp\/v2\/pages"}],"about":[{"href":"https:\/\/rudirama.de\/index.php?rest_route=\/wp\/v2\/types\/page"}],"author":[{"embeddable":true,"href":"https:\/\/rudirama.de\/index.php?rest_route=\/wp\/v2\/users\/2"}],"replies":[{"embeddable":true,"href":"https:\/\/rudirama.de\/index.php?rest_route=%2Fwp%2Fv2%2Fcomments&post=6"}],"version-history":[{"count":6,"href":"https:\/\/rudirama.de\/index.php?rest_route=\/wp\/v2\/pages\/6\/revisions"}],"predecessor-version":[{"id":10172,"href":"https:\/\/rudirama.de\/index.php?rest_route=\/wp\/v2\/pages\/6\/revisions\/10172"}],"wp:attachment":[{"href":"https:\/\/rudirama.de\/index.php?rest_route=%2Fwp%2Fv2%2Fmedia&parent=6"}],"curies":[{"name":"wp","href":"https:\/\/api.w.org\/{rel}","templated":true}]}}